{"id":1334,"date":"2025-03-28T14:23:03","date_gmt":"2025-03-28T14:23:03","guid":{"rendered":"https:\/\/livelongpetnutrition.com\/ESP\/?page_id=1334"},"modified":"2025-05-26T21:47:15","modified_gmt":"2025-05-26T21:47:15","slug":"blog","status":"publish","type":"page","link":"https:\/\/livelongpetnutrition.com\/ESP\/blog\/","title":{"rendered":"Blog"},"content":{"rendered":"\t\t<div data-elementor-type=\"wp-page\" data-elementor-id=\"1334\" class=\"elementor elementor-1334\" data-elementor-post-type=\"page\">\n\t\t\t\t<div class=\"elementor-element elementor-element-ce51e73 e-flex e-con-boxed e-con e-parent\" data-id=\"ce51e73\" data-element_type=\"container\" data-settings=\"{&quot;background_background&quot;:&quot;classic&quot;,&quot;background_motion_fx_motion_fx_scrolling&quot;:&quot;yes&quot;,&quot;background_motion_fx_scale_effect&quot;:&quot;yes&quot;,&quot;background_motion_fx_motion_fx_mouse&quot;:&quot;yes&quot;,&quot;background_motion_fx_devices&quot;:[&quot;widescreen&quot;,&quot;desktop&quot;,&quot;tablet&quot;,&quot;mobile&quot;],&quot;jet_parallax_layout_list&quot;:[],&quot;background_motion_fx_scale_direction&quot;:&quot;out-in&quot;,&quot;background_motion_fx_scale_speed&quot;:{&quot;unit&quot;:&quot;px&quot;,&quot;size&quot;:4,&quot;sizes&quot;:[]},&quot;background_motion_fx_scale_range&quot;:{&quot;unit&quot;:&quot;%&quot;,&quot;size&quot;:&quot;&quot;,&quot;sizes&quot;:{&quot;start&quot;:20,&quot;end&quot;:80}}}\">\n\t\t\t\t\t<div class=\"e-con-inner\">\n\t\t\t\t<div class=\"elementor-element elementor-element-44ed662 elementor-widget elementor-widget-heading\" data-id=\"44ed662\" data-element_type=\"widget\" data-widget_type=\"heading.default\">\n\t\t\t\t<div class=\"elementor-widget-container\">\n\t\t\t\t\t<h2 class=\"elementor-heading-title elementor-size-default\">Blog<\/h2>\t\t\t\t<\/div>\n\t\t\t\t<\/div>\n\t\t\t\t\t<\/div>\n\t\t\t\t<\/div>\n\t\t<div class=\"elementor-element elementor-element-4164e06 e-flex e-con-boxed e-con e-parent\" data-id=\"4164e06\" data-element_type=\"container\" data-settings=\"{&quot;jet_parallax_layout_list&quot;:[]}\">\n\t\t\t\t\t<div class=\"e-con-inner\">\n\t\t\t\t<div class=\"elementor-element elementor-element-2df44e4 elementor-widget__width-initial elementor-widget-mobile__width-inherit elementor-widget elementor-widget-heading\" data-id=\"2df44e4\" data-element_type=\"widget\" data-widget_type=\"heading.default\">\n\t\t\t\t<div class=\"elementor-widget-container\">\n\t\t\t\t\t<h2 class=\"elementor-heading-title elementor-size-default\">Inspiraciones para disfrutar de una mejor calidad de vida con tu mascota<\/h2>\t\t\t\t<\/div>\n\t\t\t\t<\/div>\n\t\t\t\t<div class=\"elementor-element elementor-element-97f07fc elementor-widget__width-initial elementor-widget-mobile__width-inherit elementor-widget elementor-widget-text-editor\" data-id=\"97f07fc\" data-element_type=\"widget\" data-widget_type=\"text-editor.default\">\n\t\t\t\t<div class=\"elementor-widget-container\">\n\t\t\t\t\t\t\t\t\t<div class=\"home-livelong__text c-text\"><p>Una comunidad que comparte su conocimiento y momentos especiales con sus perros y gatos. Informaci\u00f3n sobre alimentaci\u00f3n natural, nutrici\u00f3n, vida activa, contacto con la naturaleza y comportamiento.<\/p><\/div>\t\t\t\t\t\t\t\t<\/div>\n\t\t\t\t<\/div>\n\t\t<div class=\"elementor-element elementor-element-beb5c00 e-con-full e-flex e-con e-child\" data-id=\"beb5c00\" data-element_type=\"container\" data-settings=\"{&quot;background_background&quot;:&quot;classic&quot;,&quot;jet_parallax_layout_list&quot;:[]}\">\n\t\t\t\t<div class=\"elementor-element elementor-element-894437b elementor-widget__width-initial elementor-grid-3 elementor-grid-tablet-2 elementor-grid-mobile-1 elementor-posts--thumbnail-top elementor-card-shadow-yes elementor-posts__hover-gradient elementor-widget elementor-widget-posts\" data-id=\"894437b\" data-element_type=\"widget\" data-settings=\"{&quot;pagination_type&quot;:&quot;numbers&quot;,&quot;cards_columns&quot;:&quot;3&quot;,&quot;cards_columns_tablet&quot;:&quot;2&quot;,&quot;cards_columns_mobile&quot;:&quot;1&quot;,&quot;cards_row_gap&quot;:{&quot;unit&quot;:&quot;px&quot;,&quot;size&quot;:35,&quot;sizes&quot;:[]},&quot;cards_row_gap_tablet&quot;:{&quot;unit&quot;:&quot;px&quot;,&quot;size&quot;:&quot;&quot;,&quot;sizes&quot;:[]},&quot;cards_row_gap_mobile&quot;:{&quot;unit&quot;:&quot;px&quot;,&quot;size&quot;:&quot;&quot;,&quot;sizes&quot;:[]}}\" data-widget_type=\"posts.cards\">\n\t\t\t\t<div class=\"elementor-widget-container\">\n\t\t\t\t\t\t\t<div class=\"elementor-posts-container elementor-posts elementor-posts--skin-cards elementor-grid\" role=\"list\">\n\t\t\t\t<article class=\"elementor-post elementor-grid-item post-2917 post type-post status-publish format-standard has-post-thumbnail hentry category-blog\" role=\"listitem\">\n\t\t\t<div class=\"elementor-post__card\">\n\t\t\t\t<a class=\"elementor-post__thumbnail__link\" href=\"https:\/\/livelongpetnutrition.com\/ESP\/los-perros-pueden-tener-ansiedad\/\" tabindex=\"-1\" ><div class=\"elementor-post__thumbnail\"><img fetchpriority=\"high\" decoding=\"async\" width=\"960\" height=\"540\" src=\"https:\/\/livelongpetnutrition.com\/ESP\/wp-content\/uploads\/2025\/06\/28.jpg\" class=\"attachment-full size-full wp-image-3071\" alt=\"\" srcset=\"https:\/\/livelongpetnutrition.com\/ESP\/wp-content\/uploads\/2025\/06\/28.jpg 960w, https:\/\/livelongpetnutrition.com\/ESP\/wp-content\/uploads\/2025\/06\/28-300x169.jpg 300w, https:\/\/livelongpetnutrition.com\/ESP\/wp-content\/uploads\/2025\/06\/28-768x432.jpg 768w\" sizes=\"(max-width: 960px) 100vw, 960px\" \/><\/div><\/a>\n\t\t\t\t<div class=\"elementor-post__text\">\n\t\t\t\t<h3 class=\"elementor-post__title\">\n\t\t\t<a href=\"https:\/\/livelongpetnutrition.com\/ESP\/los-perros-pueden-tener-ansiedad\/\" >\n\t\t\t\t\u00bfLos perros pueden tener ansiedad?\t\t\t<\/a>\n\t\t<\/h3>\n\t\t\t\t<div class=\"elementor-post__excerpt\">\n\t\t\t<p>Rompamos el silencio: \u00bfLos perros sufren de ansiedad?&nbsp; En este #LivelongTip abordamos<\/p>\n\t\t<\/div>\n\t\t\n\t\t<a class=\"elementor-post__read-more\" href=\"https:\/\/livelongpetnutrition.com\/ESP\/los-perros-pueden-tener-ansiedad\/\" aria-label=\"M\u00e1s informaci\u00f3n sobre \u00bfLos perros pueden tener ansiedad?\" tabindex=\"-1\" >\n\t\t\tRead More \u00bb\t\t<\/a>\n\n\t\t\t\t<\/div>\n\t\t\t\t\t<\/div>\n\t\t<\/article>\n\t\t\t\t<article class=\"elementor-post elementor-grid-item post-2915 post type-post status-publish format-standard has-post-thumbnail hentry category-blog\" role=\"listitem\">\n\t\t\t<div class=\"elementor-post__card\">\n\t\t\t\t<a class=\"elementor-post__thumbnail__link\" href=\"https:\/\/livelongpetnutrition.com\/ESP\/por-que-mi-gato-duerme-conmigo\/\" tabindex=\"-1\" ><div class=\"elementor-post__thumbnail\"><img decoding=\"async\" width=\"960\" height=\"540\" src=\"https:\/\/livelongpetnutrition.com\/ESP\/wp-content\/uploads\/2025\/06\/27.jpg\" class=\"attachment-full size-full wp-image-3070\" alt=\"\" srcset=\"https:\/\/livelongpetnutrition.com\/ESP\/wp-content\/uploads\/2025\/06\/27.jpg 960w, https:\/\/livelongpetnutrition.com\/ESP\/wp-content\/uploads\/2025\/06\/27-300x169.jpg 300w, https:\/\/livelongpetnutrition.com\/ESP\/wp-content\/uploads\/2025\/06\/27-768x432.jpg 768w\" sizes=\"(max-width: 960px) 100vw, 960px\" \/><\/div><\/a>\n\t\t\t\t<div class=\"elementor-post__text\">\n\t\t\t\t<h3 class=\"elementor-post__title\">\n\t\t\t<a href=\"https:\/\/livelongpetnutrition.com\/ESP\/por-que-mi-gato-duerme-conmigo\/\" >\n\t\t\t\t\u00bfPor qu\u00e9 mi gato duerme conmigo?\t\t\t<\/a>\n\t\t<\/h3>\n\t\t\t\t<div class=\"elementor-post__excerpt\">\n\t\t\t<p>No hay nada como la calidez de una noche tranquila y la<\/p>\n\t\t<\/div>\n\t\t\n\t\t<a class=\"elementor-post__read-more\" href=\"https:\/\/livelongpetnutrition.com\/ESP\/por-que-mi-gato-duerme-conmigo\/\" aria-label=\"M\u00e1s informaci\u00f3n sobre \u00bfPor qu\u00e9 mi gato duerme conmigo?\" tabindex=\"-1\" >\n\t\t\tRead More \u00bb\t\t<\/a>\n\n\t\t\t\t<\/div>\n\t\t\t\t\t<\/div>\n\t\t<\/article>\n\t\t\t\t<article class=\"elementor-post elementor-grid-item post-2913 post type-post status-publish format-standard has-post-thumbnail hentry category-blog\" role=\"listitem\">\n\t\t\t<div class=\"elementor-post__card\">\n\t\t\t\t<a class=\"elementor-post__thumbnail__link\" href=\"https:\/\/livelongpetnutrition.com\/ESP\/por-que-mi-gato-bebe-agua-del-grifo\/\" tabindex=\"-1\" ><div class=\"elementor-post__thumbnail\"><img decoding=\"async\" width=\"960\" height=\"540\" src=\"https:\/\/livelongpetnutrition.com\/ESP\/wp-content\/uploads\/2025\/06\/26.jpg\" class=\"attachment-full size-full wp-image-3069\" alt=\"\" srcset=\"https:\/\/livelongpetnutrition.com\/ESP\/wp-content\/uploads\/2025\/06\/26.jpg 960w, https:\/\/livelongpetnutrition.com\/ESP\/wp-content\/uploads\/2025\/06\/26-300x169.jpg 300w, https:\/\/livelongpetnutrition.com\/ESP\/wp-content\/uploads\/2025\/06\/26-768x432.jpg 768w\" sizes=\"(max-width: 960px) 100vw, 960px\" \/><\/div><\/a>\n\t\t\t\t<div class=\"elementor-post__text\">\n\t\t\t\t<h3 class=\"elementor-post__title\">\n\t\t\t<a href=\"https:\/\/livelongpetnutrition.com\/ESP\/por-que-mi-gato-bebe-agua-del-grifo\/\" >\n\t\t\t\t\u00bfPor qu\u00e9 mi gato bebe agua del grifo?\t\t\t<\/a>\n\t\t<\/h3>\n\t\t\t\t<div class=\"elementor-post__excerpt\">\n\t\t\t<p>\u00bfAlguna vez te has preguntado por qu\u00e9 los gatos tienen esta extra\u00f1a<\/p>\n\t\t<\/div>\n\t\t\n\t\t<a class=\"elementor-post__read-more\" href=\"https:\/\/livelongpetnutrition.com\/ESP\/por-que-mi-gato-bebe-agua-del-grifo\/\" aria-label=\"M\u00e1s informaci\u00f3n sobre \u00bfPor qu\u00e9 mi gato bebe agua del grifo?\" tabindex=\"-1\" >\n\t\t\tRead More \u00bb\t\t<\/a>\n\n\t\t\t\t<\/div>\n\t\t\t\t\t<\/div>\n\t\t<\/article>\n\t\t\t\t<article class=\"elementor-post elementor-grid-item post-2911 post type-post status-publish format-standard has-post-thumbnail hentry category-blog\" role=\"listitem\">\n\t\t\t<div class=\"elementor-post__card\">\n\t\t\t\t<a class=\"elementor-post__thumbnail__link\" href=\"https:\/\/livelongpetnutrition.com\/ESP\/por-que-los-gatos-tiran-cosas-al-piso\/\" tabindex=\"-1\" ><div class=\"elementor-post__thumbnail\"><img loading=\"lazy\" decoding=\"async\" width=\"960\" height=\"540\" src=\"https:\/\/livelongpetnutrition.com\/ESP\/wp-content\/uploads\/2025\/06\/38.jpg\" class=\"attachment-full size-full wp-image-3081\" alt=\"\" srcset=\"https:\/\/livelongpetnutrition.com\/ESP\/wp-content\/uploads\/2025\/06\/38.jpg 960w, https:\/\/livelongpetnutrition.com\/ESP\/wp-content\/uploads\/2025\/06\/38-300x169.jpg 300w, https:\/\/livelongpetnutrition.com\/ESP\/wp-content\/uploads\/2025\/06\/38-768x432.jpg 768w\" sizes=\"(max-width: 960px) 100vw, 960px\" \/><\/div><\/a>\n\t\t\t\t<div class=\"elementor-post__text\">\n\t\t\t\t<h3 class=\"elementor-post__title\">\n\t\t\t<a href=\"https:\/\/livelongpetnutrition.com\/ESP\/por-que-los-gatos-tiran-cosas-al-piso\/\" >\n\t\t\t\t\u00bfPor qu\u00e9 los gatos tiran cosas al piso?\t\t\t<\/a>\n\t\t<\/h3>\n\t\t\t\t<div class=\"elementor-post__excerpt\">\n\t\t\t<p>\u00bfAlguna vez te has preguntado por qu\u00e9 los gatitos son expertos en<\/p>\n\t\t<\/div>\n\t\t\n\t\t<a class=\"elementor-post__read-more\" href=\"https:\/\/livelongpetnutrition.com\/ESP\/por-que-los-gatos-tiran-cosas-al-piso\/\" aria-label=\"M\u00e1s informaci\u00f3n sobre \u00bfPor qu\u00e9 los gatos tiran cosas al piso?\" tabindex=\"-1\" >\n\t\t\tRead More \u00bb\t\t<\/a>\n\n\t\t\t\t<\/div>\n\t\t\t\t\t<\/div>\n\t\t<\/article>\n\t\t\t\t<article class=\"elementor-post elementor-grid-item post-2909 post type-post status-publish format-standard has-post-thumbnail hentry category-blog\" role=\"listitem\">\n\t\t\t<div class=\"elementor-post__card\">\n\t\t\t\t<a class=\"elementor-post__thumbnail__link\" href=\"https:\/\/livelongpetnutrition.com\/ESP\/los-gatos-saben-pedir-perdon\/\" tabindex=\"-1\" ><div class=\"elementor-post__thumbnail\"><img loading=\"lazy\" decoding=\"async\" width=\"960\" height=\"540\" src=\"https:\/\/livelongpetnutrition.com\/ESP\/wp-content\/uploads\/2025\/06\/24.jpg\" class=\"attachment-full size-full wp-image-3067\" alt=\"\" srcset=\"https:\/\/livelongpetnutrition.com\/ESP\/wp-content\/uploads\/2025\/06\/24.jpg 960w, https:\/\/livelongpetnutrition.com\/ESP\/wp-content\/uploads\/2025\/06\/24-300x169.jpg 300w, https:\/\/livelongpetnutrition.com\/ESP\/wp-content\/uploads\/2025\/06\/24-768x432.jpg 768w\" sizes=\"(max-width: 960px) 100vw, 960px\" \/><\/div><\/a>\n\t\t\t\t<div class=\"elementor-post__text\">\n\t\t\t\t<h3 class=\"elementor-post__title\">\n\t\t\t<a href=\"https:\/\/livelongpetnutrition.com\/ESP\/los-gatos-saben-pedir-perdon\/\" >\n\t\t\t\t\u00bfLos gatos saben pedir perd\u00f3n?\t\t\t<\/a>\n\t\t<\/h3>\n\t\t\t\t<div class=\"elementor-post__excerpt\">\n\t\t\t<p>\u00bfAlguna vez te has preguntado si los gatos son capaces de pedir<\/p>\n\t\t<\/div>\n\t\t\n\t\t<a class=\"elementor-post__read-more\" href=\"https:\/\/livelongpetnutrition.com\/ESP\/los-gatos-saben-pedir-perdon\/\" aria-label=\"M\u00e1s informaci\u00f3n sobre \u00bfLos gatos saben pedir perd\u00f3n?\" tabindex=\"-1\" >\n\t\t\tRead More \u00bb\t\t<\/a>\n\n\t\t\t\t<\/div>\n\t\t\t\t\t<\/div>\n\t\t<\/article>\n\t\t\t\t<article class=\"elementor-post elementor-grid-item post-2907 post type-post status-publish format-standard has-post-thumbnail hentry category-blog\" role=\"listitem\">\n\t\t\t<div class=\"elementor-post__card\">\n\t\t\t\t<a class=\"elementor-post__thumbnail__link\" href=\"https:\/\/livelongpetnutrition.com\/ESP\/por-que-los-gatos-se-estiran\/\" tabindex=\"-1\" ><div class=\"elementor-post__thumbnail\"><img loading=\"lazy\" decoding=\"async\" width=\"960\" height=\"540\" src=\"https:\/\/livelongpetnutrition.com\/ESP\/wp-content\/uploads\/2025\/06\/23.jpg\" class=\"attachment-full size-full wp-image-3066\" alt=\"\" srcset=\"https:\/\/livelongpetnutrition.com\/ESP\/wp-content\/uploads\/2025\/06\/23.jpg 960w, https:\/\/livelongpetnutrition.com\/ESP\/wp-content\/uploads\/2025\/06\/23-300x169.jpg 300w, https:\/\/livelongpetnutrition.com\/ESP\/wp-content\/uploads\/2025\/06\/23-768x432.jpg 768w\" sizes=\"(max-width: 960px) 100vw, 960px\" \/><\/div><\/a>\n\t\t\t\t<div class=\"elementor-post__text\">\n\t\t\t\t<h3 class=\"elementor-post__title\">\n\t\t\t<a href=\"https:\/\/livelongpetnutrition.com\/ESP\/por-que-los-gatos-se-estiran\/\" >\n\t\t\t\t\u00bfPor qu\u00e9 los gatos se estiran?\t\t\t<\/a>\n\t\t<\/h3>\n\t\t\t\t<div class=\"elementor-post__excerpt\">\n\t\t\t<p>\u00bfAlguna vez te preguntaste por qu\u00e9 los gatos se estiran? \u00a1Descubre el<\/p>\n\t\t<\/div>\n\t\t\n\t\t<a class=\"elementor-post__read-more\" href=\"https:\/\/livelongpetnutrition.com\/ESP\/por-que-los-gatos-se-estiran\/\" aria-label=\"M\u00e1s informaci\u00f3n sobre \u00bfPor qu\u00e9 los gatos se estiran?\" tabindex=\"-1\" >\n\t\t\tRead More \u00bb\t\t<\/a>\n\n\t\t\t\t<\/div>\n\t\t\t\t\t<\/div>\n\t\t<\/article>\n\t\t\t\t<article class=\"elementor-post elementor-grid-item post-2905 post type-post status-publish format-standard has-post-thumbnail hentry category-blog\" role=\"listitem\">\n\t\t\t<div class=\"elementor-post__card\">\n\t\t\t\t<a class=\"elementor-post__thumbnail__link\" href=\"https:\/\/livelongpetnutrition.com\/ESP\/mi-perro-no-puede-quedarse-solo\/\" tabindex=\"-1\" ><div class=\"elementor-post__thumbnail\"><img loading=\"lazy\" decoding=\"async\" width=\"960\" height=\"540\" src=\"https:\/\/livelongpetnutrition.com\/ESP\/wp-content\/uploads\/2025\/06\/22.jpg\" class=\"attachment-full size-full wp-image-3065\" alt=\"\" srcset=\"https:\/\/livelongpetnutrition.com\/ESP\/wp-content\/uploads\/2025\/06\/22.jpg 960w, https:\/\/livelongpetnutrition.com\/ESP\/wp-content\/uploads\/2025\/06\/22-300x169.jpg 300w, https:\/\/livelongpetnutrition.com\/ESP\/wp-content\/uploads\/2025\/06\/22-768x432.jpg 768w\" sizes=\"(max-width: 960px) 100vw, 960px\" \/><\/div><\/a>\n\t\t\t\t<div class=\"elementor-post__text\">\n\t\t\t\t<h3 class=\"elementor-post__title\">\n\t\t\t<a href=\"https:\/\/livelongpetnutrition.com\/ESP\/mi-perro-no-puede-quedarse-solo\/\" >\n\t\t\t\tMi perro no puede quedarse solo\t\t\t<\/a>\n\t\t<\/h3>\n\t\t\t\t<div class=\"elementor-post__excerpt\">\n\t\t\t<p>\u00bfTu nuevo cachorrito tiene dificultades para quedarse solo? \u00a1No te preocupes! Aqu\u00ed<\/p>\n\t\t<\/div>\n\t\t\n\t\t<a class=\"elementor-post__read-more\" href=\"https:\/\/livelongpetnutrition.com\/ESP\/mi-perro-no-puede-quedarse-solo\/\" aria-label=\"M\u00e1s informaci\u00f3n sobre Mi perro no puede quedarse solo\" tabindex=\"-1\" >\n\t\t\tRead More \u00bb\t\t<\/a>\n\n\t\t\t\t<\/div>\n\t\t\t\t\t<\/div>\n\t\t<\/article>\n\t\t\t\t<article class=\"elementor-post elementor-grid-item post-2903 post type-post status-publish format-standard has-post-thumbnail hentry category-blog\" role=\"listitem\">\n\t\t\t<div class=\"elementor-post__card\">\n\t\t\t\t<a class=\"elementor-post__thumbnail__link\" href=\"https:\/\/livelongpetnutrition.com\/ESP\/como-saber-si-mi-perro-esta-triste\/\" tabindex=\"-1\" ><div class=\"elementor-post__thumbnail\"><img loading=\"lazy\" decoding=\"async\" width=\"960\" height=\"540\" src=\"https:\/\/livelongpetnutrition.com\/ESP\/wp-content\/uploads\/2025\/06\/21.jpg\" class=\"attachment-full size-full wp-image-3064\" alt=\"\" srcset=\"https:\/\/livelongpetnutrition.com\/ESP\/wp-content\/uploads\/2025\/06\/21.jpg 960w, https:\/\/livelongpetnutrition.com\/ESP\/wp-content\/uploads\/2025\/06\/21-300x169.jpg 300w, https:\/\/livelongpetnutrition.com\/ESP\/wp-content\/uploads\/2025\/06\/21-768x432.jpg 768w\" sizes=\"(max-width: 960px) 100vw, 960px\" \/><\/div><\/a>\n\t\t\t\t<div class=\"elementor-post__text\">\n\t\t\t\t<h3 class=\"elementor-post__title\">\n\t\t\t<a href=\"https:\/\/livelongpetnutrition.com\/ESP\/como-saber-si-mi-perro-esta-triste\/\" >\n\t\t\t\t\u00bfC\u00f3mo saber si mi perro est\u00e1 triste?\t\t\t<\/a>\n\t\t<\/h3>\n\t\t\t\t<div class=\"elementor-post__excerpt\">\n\t\t\t<p>Los peluditos son incre\u00edbles ocultando sus sentimientos, pero hay se\u00f1ales que pueden<\/p>\n\t\t<\/div>\n\t\t\n\t\t<a class=\"elementor-post__read-more\" href=\"https:\/\/livelongpetnutrition.com\/ESP\/como-saber-si-mi-perro-esta-triste\/\" aria-label=\"M\u00e1s informaci\u00f3n sobre \u00bfC\u00f3mo saber si mi perro est\u00e1 triste?\" tabindex=\"-1\" >\n\t\t\tRead More \u00bb\t\t<\/a>\n\n\t\t\t\t<\/div>\n\t\t\t\t\t<\/div>\n\t\t<\/article>\n\t\t\t\t<article class=\"elementor-post elementor-grid-item post-2901 post type-post status-publish format-standard has-post-thumbnail hentry category-blog\" role=\"listitem\">\n\t\t\t<div class=\"elementor-post__card\">\n\t\t\t\t<a class=\"elementor-post__thumbnail__link\" href=\"https:\/\/livelongpetnutrition.com\/ESP\/como-evitar-que-mi-gato-se-suba-al-arbol-de-navidad\/\" tabindex=\"-1\" ><div class=\"elementor-post__thumbnail\"><img loading=\"lazy\" decoding=\"async\" width=\"960\" height=\"540\" src=\"https:\/\/livelongpetnutrition.com\/ESP\/wp-content\/uploads\/2025\/06\/20.jpg\" class=\"attachment-full size-full wp-image-3063\" alt=\"\" srcset=\"https:\/\/livelongpetnutrition.com\/ESP\/wp-content\/uploads\/2025\/06\/20.jpg 960w, https:\/\/livelongpetnutrition.com\/ESP\/wp-content\/uploads\/2025\/06\/20-300x169.jpg 300w, https:\/\/livelongpetnutrition.com\/ESP\/wp-content\/uploads\/2025\/06\/20-768x432.jpg 768w\" sizes=\"(max-width: 960px) 100vw, 960px\" \/><\/div><\/a>\n\t\t\t\t<div class=\"elementor-post__text\">\n\t\t\t\t<h3 class=\"elementor-post__title\">\n\t\t\t<a href=\"https:\/\/livelongpetnutrition.com\/ESP\/como-evitar-que-mi-gato-se-suba-al-arbol-de-navidad\/\" >\n\t\t\t\t\u00bfC\u00f3mo evitar que mi gato se suba al \u00e1rbol de Navidad?\t\t\t<\/a>\n\t\t<\/h3>\n\t\t\t\t<div class=\"elementor-post__excerpt\">\n\t\t\t<p>La temporada navide\u00f1a est\u00e1 aqu\u00ed y nuestros amigos felinos encuentran el \u00e1rbol<\/p>\n\t\t<\/div>\n\t\t\n\t\t<a class=\"elementor-post__read-more\" href=\"https:\/\/livelongpetnutrition.com\/ESP\/como-evitar-que-mi-gato-se-suba-al-arbol-de-navidad\/\" aria-label=\"M\u00e1s informaci\u00f3n sobre \u00bfC\u00f3mo evitar que mi gato se suba al \u00e1rbol de Navidad?\" tabindex=\"-1\" >\n\t\t\tRead More \u00bb\t\t<\/a>\n\n\t\t\t\t<\/div>\n\t\t\t\t\t<\/div>\n\t\t<\/article>\n\t\t\t\t<\/div>\n\t\t\n\t\t\t\t<div class=\"e-load-more-anchor\" data-page=\"1\" data-max-page=\"3\" data-next-page=\"https:\/\/livelongpetnutrition.com\/ESP\/wp-json\/wp\/v2\/pages\/1334\/page\/2\/\"><\/div>\n\t\t\t\t<nav class=\"elementor-pagination\" aria-label=\"Paginaci\u00f3n\">\n\t\t\t<span aria-current=\"page\" class=\"page-numbers current\"><span class=\"elementor-screen-only\">P\u00e1gina<\/span>1<\/span>\n<a class=\"page-numbers\" href=\"https:\/\/livelongpetnutrition.com\/ESP\/wp-json\/wp\/v2\/pages\/1334\/page\/2\/\"><span class=\"elementor-screen-only\">P\u00e1gina<\/span>2<\/a>\n<a class=\"page-numbers\" href=\"https:\/\/livelongpetnutrition.com\/ESP\/wp-json\/wp\/v2\/pages\/1334\/page\/3\/\"><span class=\"elementor-screen-only\">P\u00e1gina<\/span>3<\/a>\t\t<\/nav>\n\t\t\t\t\t\t<\/div>\n\t\t\t\t<\/div>\n\t\t\t\t<\/div>\n\t\t\t\t\t<\/div>\n\t\t\t\t<\/div>\n\t\t\t\t<\/div>\n\t\t","protected":false},"excerpt":{"rendered":"<p>Blog Inspiraciones para disfrutar de una mejor calidad de vida con tu mascota Una comunidad que comparte su conocimiento y momentos especiales con sus perros y gatos. Informaci\u00f3n sobre alimentaci\u00f3n natural, nutrici\u00f3n, vida activa, contacto con la naturaleza y comportamiento.<\/p>\n","protected":false},"author":1,"featured_media":0,"parent":0,"menu_order":0,"comment_status":"closed","ping_status":"closed","template":"elementor_header_footer","meta":{"footnotes":""},"class_list":["post-1334","page","type-page","status-publish","hentry"],"_links":{"self":[{"href":"https:\/\/livelongpetnutrition.com\/ESP\/wp-json\/wp\/v2\/pages\/1334","targetHints":{"allow":["GET"]}}],"collection":[{"href":"https:\/\/livelongpetnutrition.com\/ESP\/wp-json\/wp\/v2\/pages"}],"about":[{"href":"https:\/\/livelongpetnutrition.com\/ESP\/wp-json\/wp\/v2\/types\/page"}],"author":[{"embeddable":true,"href":"https:\/\/livelongpetnutrition.com\/ESP\/wp-json\/wp\/v2\/users\/1"}],"replies":[{"embeddable":true,"href":"https:\/\/livelongpetnutrition.com\/ESP\/wp-json\/wp\/v2\/comments?post=1334"}],"version-history":[{"count":52,"href":"https:\/\/livelongpetnutrition.com\/ESP\/wp-json\/wp\/v2\/pages\/1334\/revisions"}],"predecessor-version":[{"id":2765,"href":"https:\/\/livelongpetnutrition.com\/ESP\/wp-json\/wp\/v2\/pages\/1334\/revisions\/2765"}],"wp:attachment":[{"href":"https:\/\/livelongpetnutrition.com\/ESP\/wp-json\/wp\/v2\/media?parent=1334"}],"curies":[{"name":"wp","href":"https:\/\/api.w.org\/{rel}","templated":true}]}}